{"id":25,"date":"2014-12-08T22:53:38","date_gmt":"2014-12-08T21:53:38","guid":{"rendered":"http:\/\/blogs.hoac.es\/eutopia\/?page_id=25"},"modified":"2014-12-11T16:18:01","modified_gmt":"2014-12-11T15:18:01","slug":"presentacion","status":"publish","type":"page","link":"https:\/\/blogs.hoac.es\/eutopia\/presentacion\/","title":{"rendered":"Presentaci\u00f3n"},"content":{"rendered":"<div class=\"entry-content\">\n<p>Contar y dialogar. Esencialmente estas son las dos palabras claves del blog <strong>Eutop\u00eda<\/strong>.<\/p>\n<p><strong>Contar<\/strong>, tiene que ver con escribir un relato, el de nuestro d\u00eda a d\u00eda, al frente de la responsabilidad que suponen las publicaciones de la <a href=\"http:\/\/www.hoac.es\/\" target=\"_blank\">Hermandad Obrera de Acci\u00f3n Cat\u00f3lica<\/a>. La revista <a href=\"http:\/\/blogs.hoac.es\/eutopia\/noticias-obreras\/\"><em>Noticias Obreras<\/em><\/a>, el peri\u00f3dico <a href=\"http:\/\/blogs.hoac.es\/eutopia\/tu\/\" target=\"_blank\"><em>\u00a1T\u00fa!<\/em><\/a>, la web <a href=\"http:\/\/www.hoac.es\/\" target=\"_blank\">hoac.es<\/a>, las redes y cada uno de los <a title=\"Ediciones HOAC\" href=\"http:\/\/blogs.hoac.es\/eutopia\/ediciones-hoac\/\">libros y cuadernos que edita la HOAC<\/a> tienen vida, en todo el proceso de construcci\u00f3n editorial, m\u00e1s all\u00e1 de los ejemplares o contenidos que ponemos en circulaci\u00f3n y a tu disposici\u00f3n.<\/p>\n<p><strong>Dialogar<\/strong> sobre lo que contamos y editamos. Ese es el empe\u00f1o, el fondo de este asunto y tiene mucho que ver contigo. Queremos convertir este blog en un lugar para el encuentro entre lo que son las publicaciones de la HOAC y las personas interesadas, porque nos lees y porque con tu suscripci\u00f3n lo haces posible. Un di\u00e1logo constructivo necesita cercan\u00eda, escucha y participaci\u00f3n. Nosotros pondremos nuestro empe\u00f1o.<\/p>\n<p>Contarlo y dialogarlo con el convencimiento de que quien comparte una alegr\u00eda favorece que pueda multiplicarse. Es este el <strong>buen lugar, eutop\u00eda <a href=\"http:\/\/www.otromundoesposible.com\/2007\/12\/24\/nochebuena-razonable\/\" target=\"_blank\">en palabras de Casald\u00e1liga<\/a><\/strong>, que ponemos a tu disposici\u00f3n para facilitarlo.<\/p>\n<p>Empezamos esta aventura:<\/p>\n\n<table id=\"tablepress-1\" class=\"tablepress tablepress-id-1\">\n<tbody class=\"row-hover\">\n<tr class=\"row-1\">\n\t<td class=\"column-1\"><a href=\"http:\/\/blogs.hoac.es\/eutopia\/wp-content\/uploads\/2014\/12\/jlpr.png\"><img loading=\"lazy\" decoding=\"async\" src=\"http:\/\/blogs.hoac.es\/eutopia\/wp-content\/uploads\/2014\/12\/jlpr.png\" alt=\"jlpr\" width=\"100\" height=\"100\" class=\"alignnone size-full wp-image-123\" srcset=\"https:\/\/blogs.hoac.es\/eutopia\/wp-content\/uploads\/2014\/12\/jlpr.png 290w, https:\/\/blogs.hoac.es\/eutopia\/wp-content\/uploads\/2014\/12\/jlpr-150x150.png 150w\" sizes=\"auto, (max-width: 100px) 100vw, 100px\" \/><\/a><\/td><td class=\"column-2\"><a href=\"http:\/\/blogs.hoac.es\/eutopia\/wp-content\/uploads\/2014\/12\/acf_circular.png\"><img loading=\"lazy\" decoding=\"async\" src=\"http:\/\/blogs.hoac.es\/eutopia\/wp-content\/uploads\/2014\/12\/acf_circular.png\" alt=\"acf_circular\" width=\"100\" height=\"100\" class=\"alignnone size-full wp-image-124\" srcset=\"https:\/\/blogs.hoac.es\/eutopia\/wp-content\/uploads\/2014\/12\/acf_circular.png 290w, https:\/\/blogs.hoac.es\/eutopia\/wp-content\/uploads\/2014\/12\/acf_circular-150x150.png 150w\" sizes=\"auto, (max-width: 100px) 100vw, 100px\" \/><\/a><\/td>\n<\/tr>\n<tr class=\"row-2\">\n\t<td class=\"column-1\"><a href=\"http:\/\/blogs.hoac.es\/eutopia\/author\/jose-luis\">Jos\u00e9 Luis Palacios<\/a><\/td><td class=\"column-2\"><a href=\"http:\/\/blogs.hoac.es\/eutopia\/author\/abraham\/\">Abraham Canales<\/a><\/td>\n<\/tr>\n<tr class=\"row-3\">\n\t<td class=\"column-1\">Redactor jefe publicaciones<\/td><td class=\"column-2\">Responsable de publicaciones HOAC<\/td>\n<\/tr>\n<tr class=\"row-4\">\n\t<td class=\"column-1\"><a href=\"https:\/\/twitter.com\/jlpalas\" class=\"twitter-follow-button\" data-show-count=\"false\" data-lang=\"es\" data-show-screen-name=\"false\">Seguir a @jlpalas<\/a><br \/>\n<script>!function(d,s,id){var js,fjs=d.getElementsByTagName(s)[0],p=\/^http:\/.test(d.location)?'http':'https';if(!d.getElementById(id)){js=d.createElement(s);js.id=id;js.src=p+':\/\/platform.twitter.com\/widgets.js';fjs.parentNode.insertBefore(js,fjs);}}(document, 'script', 'twitter-wjs');<\/script><\/td><td class=\"column-2\"><a href=\"https:\/\/twitter.com\/otromundoesposi\" class=\"twitter-follow-button\" data-show-count=\"false\" data-lang=\"es\" data-show-screen-name=\"false\">Seguir a @otromundoesposi<\/a><br \/>\n<script>!function(d,s,id){var js,fjs=d.getElementsByTagName(s)[0],p=\/^http:\/.test(d.location)?'http':'https';if(!d.getElementById(id)){js=d.createElement(s);js.id=id;js.src=p+':\/\/platform.twitter.com\/widgets.js';fjs.parentNode.insertBefore(js,fjs);}}(document, 'script', 'twitter-wjs');<\/script><\/td>\n<\/tr>\n<\/tbody>\n<\/table>\n<!-- #tablepress-1 from cache -->\n<\/div>\n","protected":false},"excerpt":{"rendered":"<p>Contar y dialogar. Esencialmente estas son las dos palabras claves del blog Eutop\u00eda. Contar, tiene que ver con escribir un relato, el de nuestro d\u00eda a d\u00eda, al frente de la responsabilidad que suponen las publicaciones de la Hermandad Obrera de Acci\u00f3n Cat\u00f3lica. La revista Noticias Obreras, el peri\u00f3dico \u00a1T\u00fa!, la web hoac.es, las redes &hellip; <\/p>\n<p class=\"link-more\"><a href=\"https:\/\/blogs.hoac.es\/eutopia\/presentacion\/\" class=\"more-link\">Continuar leyendo<span class=\"screen-reader-text\"> \u00abPresentaci\u00f3n\u00bb<\/span><\/a><\/p>\n","protected":false},"author":2,"featured_media":0,"parent":0,"menu_order":0,"comment_status":"open","ping_status":"open","template":"","meta":{"jetpack_post_was_ever_published":false,"footnotes":""},"class_list":["post-25","page","type-page","status-publish","hentry"],"yoast_head":"<!-- This site is optimized with the Yoast SEO plugin v26.8 - https:\/\/yoast.com\/product\/yoast-seo-wordpress\/ -->\n<title>Presentaci\u00f3n  - EUTOP\u00cdA<\/title>\n<meta name=\"robots\" content=\"index, follow, max-snippet:-1, max-image-preview:large, max-video-preview:-1\" \/>\n<link rel=\"canonical\" href=\"https:\/\/blogs.hoac.es\/eutopia\/presentacion\/\" \/>\n<meta property=\"og:locale\" content=\"es_ES\" \/>\n<meta property=\"og:type\" content=\"article\" \/>\n<meta property=\"og:title\" content=\"Presentaci\u00f3n  - EUTOP\u00cdA\" \/>\n<meta property=\"og:description\" content=\"Contar y dialogar. Esencialmente estas son las dos palabras claves del blog Eutop\u00eda. Contar, tiene que ver con escribir un relato, el de nuestro d\u00eda a d\u00eda, al frente de la responsabilidad que suponen las publicaciones de la Hermandad Obrera de Acci\u00f3n Cat\u00f3lica. La revista Noticias Obreras, el peri\u00f3dico \u00a1T\u00fa!, la web hoac.es, las redes &hellip; Continuar leyendo &quot;Presentaci\u00f3n&quot;\" \/>\n<meta property=\"og:url\" content=\"https:\/\/blogs.hoac.es\/eutopia\/presentacion\/\" \/>\n<meta property=\"og:site_name\" content=\"EUTOP\u00cdA\" \/>\n<meta property=\"article:modified_time\" content=\"2014-12-11T15:18:01+00:00\" \/>\n<meta name=\"twitter:label1\" content=\"Tiempo de lectura\" \/>\n\t<meta name=\"twitter:data1\" content=\"1 minuto\" \/>\n<script type=\"application\/ld+json\" class=\"yoast-schema-graph\">{\"@context\":\"https:\/\/schema.org\",\"@graph\":[{\"@type\":\"WebPage\",\"@id\":\"https:\/\/blogs.hoac.es\/eutopia\/presentacion\/\",\"url\":\"https:\/\/blogs.hoac.es\/eutopia\/presentacion\/\",\"name\":\"Presentaci\u00f3n - EUTOP\u00cdA\",\"isPartOf\":{\"@id\":\"https:\/\/blogs.hoac.es\/eutopia\/#website\"},\"datePublished\":\"2014-12-08T21:53:38+00:00\",\"dateModified\":\"2014-12-11T15:18:01+00:00\",\"breadcrumb\":{\"@id\":\"https:\/\/blogs.hoac.es\/eutopia\/presentacion\/#breadcrumb\"},\"inLanguage\":\"es\",\"potentialAction\":[{\"@type\":\"ReadAction\",\"target\":[\"https:\/\/blogs.hoac.es\/eutopia\/presentacion\/\"]}]},{\"@type\":\"BreadcrumbList\",\"@id\":\"https:\/\/blogs.hoac.es\/eutopia\/presentacion\/#breadcrumb\",\"itemListElement\":[{\"@type\":\"ListItem\",\"position\":1,\"name\":\"Portada\",\"item\":\"https:\/\/blogs.hoac.es\/eutopia\/\"},{\"@type\":\"ListItem\",\"position\":2,\"name\":\"Presentaci\u00f3n\"}]},{\"@type\":\"WebSite\",\"@id\":\"https:\/\/blogs.hoac.es\/eutopia\/#website\",\"url\":\"https:\/\/blogs.hoac.es\/eutopia\/\",\"name\":\"EUTOP\u00cdA\",\"description\":\"Un buen lugar para el encuentro con las publicaciones de la HOAC\",\"publisher\":{\"@id\":\"https:\/\/blogs.hoac.es\/eutopia\/#organization\"},\"potentialAction\":[{\"@type\":\"SearchAction\",\"target\":{\"@type\":\"EntryPoint\",\"urlTemplate\":\"https:\/\/blogs.hoac.es\/eutopia\/?s={search_term_string}\"},\"query-input\":{\"@type\":\"PropertyValueSpecification\",\"valueRequired\":true,\"valueName\":\"search_term_string\"}}],\"inLanguage\":\"es\"},{\"@type\":\"Organization\",\"@id\":\"https:\/\/blogs.hoac.es\/eutopia\/#organization\",\"name\":\"EUTOP\u00cdA\",\"url\":\"https:\/\/blogs.hoac.es\/eutopia\/\",\"logo\":{\"@type\":\"ImageObject\",\"inLanguage\":\"es\",\"@id\":\"https:\/\/blogs.hoac.es\/eutopia\/#\/schema\/logo\/image\/\",\"url\":\"https:\/\/i0.wp.com\/blogs.hoac.es\/eutopia\/wp-content\/uploads\/2014\/12\/HOAC-logo-alta-54a42ab7v1_site_icon.png?fit=512%2C512&ssl=1\",\"contentUrl\":\"https:\/\/i0.wp.com\/blogs.hoac.es\/eutopia\/wp-content\/uploads\/2014\/12\/HOAC-logo-alta-54a42ab7v1_site_icon.png?fit=512%2C512&ssl=1\",\"width\":512,\"height\":512,\"caption\":\"EUTOP\u00cdA\"},\"image\":{\"@id\":\"https:\/\/blogs.hoac.es\/eutopia\/#\/schema\/logo\/image\/\"}}]}<\/script>\n<!-- \/ Yoast SEO plugin. -->","yoast_head_json":{"title":"Presentaci\u00f3n  - EUTOP\u00cdA","robots":{"index":"index","follow":"follow","max-snippet":"max-snippet:-1","max-image-preview":"max-image-preview:large","max-video-preview":"max-video-preview:-1"},"canonical":"https:\/\/blogs.hoac.es\/eutopia\/presentacion\/","og_locale":"es_ES","og_type":"article","og_title":"Presentaci\u00f3n  - EUTOP\u00cdA","og_description":"Contar y dialogar. Esencialmente estas son las dos palabras claves del blog Eutop\u00eda. Contar, tiene que ver con escribir un relato, el de nuestro d\u00eda a d\u00eda, al frente de la responsabilidad que suponen las publicaciones de la Hermandad Obrera de Acci\u00f3n Cat\u00f3lica. La revista Noticias Obreras, el peri\u00f3dico \u00a1T\u00fa!, la web hoac.es, las redes &hellip; Continuar leyendo \"Presentaci\u00f3n\"","og_url":"https:\/\/blogs.hoac.es\/eutopia\/presentacion\/","og_site_name":"EUTOP\u00cdA","article_modified_time":"2014-12-11T15:18:01+00:00","twitter_misc":{"Tiempo de lectura":"1 minuto"},"schema":{"@context":"https:\/\/schema.org","@graph":[{"@type":"WebPage","@id":"https:\/\/blogs.hoac.es\/eutopia\/presentacion\/","url":"https:\/\/blogs.hoac.es\/eutopia\/presentacion\/","name":"Presentaci\u00f3n - EUTOP\u00cdA","isPartOf":{"@id":"https:\/\/blogs.hoac.es\/eutopia\/#website"},"datePublished":"2014-12-08T21:53:38+00:00","dateModified":"2014-12-11T15:18:01+00:00","breadcrumb":{"@id":"https:\/\/blogs.hoac.es\/eutopia\/presentacion\/#breadcrumb"},"inLanguage":"es","potentialAction":[{"@type":"ReadAction","target":["https:\/\/blogs.hoac.es\/eutopia\/presentacion\/"]}]},{"@type":"BreadcrumbList","@id":"https:\/\/blogs.hoac.es\/eutopia\/presentacion\/#breadcrumb","itemListElement":[{"@type":"ListItem","position":1,"name":"Portada","item":"https:\/\/blogs.hoac.es\/eutopia\/"},{"@type":"ListItem","position":2,"name":"Presentaci\u00f3n"}]},{"@type":"WebSite","@id":"https:\/\/blogs.hoac.es\/eutopia\/#website","url":"https:\/\/blogs.hoac.es\/eutopia\/","name":"EUTOP\u00cdA","description":"Un buen lugar para el encuentro con las publicaciones de la HOAC","publisher":{"@id":"https:\/\/blogs.hoac.es\/eutopia\/#organization"},"potentialAction":[{"@type":"SearchAction","target":{"@type":"EntryPoint","urlTemplate":"https:\/\/blogs.hoac.es\/eutopia\/?s={search_term_string}"},"query-input":{"@type":"PropertyValueSpecification","valueRequired":true,"valueName":"search_term_string"}}],"inLanguage":"es"},{"@type":"Organization","@id":"https:\/\/blogs.hoac.es\/eutopia\/#organization","name":"EUTOP\u00cdA","url":"https:\/\/blogs.hoac.es\/eutopia\/","logo":{"@type":"ImageObject","inLanguage":"es","@id":"https:\/\/blogs.hoac.es\/eutopia\/#\/schema\/logo\/image\/","url":"https:\/\/i0.wp.com\/blogs.hoac.es\/eutopia\/wp-content\/uploads\/2014\/12\/HOAC-logo-alta-54a42ab7v1_site_icon.png?fit=512%2C512&ssl=1","contentUrl":"https:\/\/i0.wp.com\/blogs.hoac.es\/eutopia\/wp-content\/uploads\/2014\/12\/HOAC-logo-alta-54a42ab7v1_site_icon.png?fit=512%2C512&ssl=1","width":512,"height":512,"caption":"EUTOP\u00cdA"},"image":{"@id":"https:\/\/blogs.hoac.es\/eutopia\/#\/schema\/logo\/image\/"}}]}},"jetpack_sharing_enabled":true,"jetpack_shortlink":"https:\/\/wp.me\/P5qNWD-p","jetpack-related-posts":[],"_links":{"self":[{"href":"https:\/\/blogs.hoac.es\/eutopia\/wp-json\/wp\/v2\/pages\/25","targetHints":{"allow":["GET"]}}],"collection":[{"href":"https:\/\/blogs.hoac.es\/eutopia\/wp-json\/wp\/v2\/pages"}],"about":[{"href":"https:\/\/blogs.hoac.es\/eutopia\/wp-json\/wp\/v2\/types\/page"}],"author":[{"embeddable":true,"href":"https:\/\/blogs.hoac.es\/eutopia\/wp-json\/wp\/v2\/users\/2"}],"replies":[{"embeddable":true,"href":"https:\/\/blogs.hoac.es\/eutopia\/wp-json\/wp\/v2\/comments?post=25"}],"version-history":[{"count":12,"href":"https:\/\/blogs.hoac.es\/eutopia\/wp-json\/wp\/v2\/pages\/25\/revisions"}],"predecessor-version":[{"id":134,"href":"https:\/\/blogs.hoac.es\/eutopia\/wp-json\/wp\/v2\/pages\/25\/revisions\/134"}],"wp:attachment":[{"href":"https:\/\/blogs.hoac.es\/eutopia\/wp-json\/wp\/v2\/media?parent=25"}],"curies":[{"name":"wp","href":"https:\/\/api.w.org\/{rel}","templated":true}]}}