{"id":29,"date":"2014-12-08T22:38:11","date_gmt":"2014-12-08T21:38:11","guid":{"rendered":"http:\/\/blogs.hoac.es\/eutopia\/?page_id=29"},"modified":"2014-12-08T22:50:14","modified_gmt":"2014-12-08T21:50:14","slug":"ediciones-hoac","status":"publish","type":"page","link":"https:\/\/blogs.hoac.es\/eutopia\/ediciones-hoac\/","title":{"rendered":"Ediciones HOAC"},"content":{"rendered":"<p><a href=\"http:\/\/www.hoac.es\/ediciones\/index.php\" target=\"_blank\">Nuestra editorial<\/a> nace en 1946, el mismo a\u00f1o en que se constituye la HOAC (Hermandad Obrera de Acci\u00f3n Cat\u00f3lica). Desde la fundaci\u00f3n de este movimiento apost\u00f3lico de militantes obreros cristianos, se tuvo muy claro que dentro de su misi\u00f3n estaba la publicaci\u00f3n de <a title=\"Noticias Obreras\" href=\"http:\/\/blogs.hoac.es\/eutopia\/noticias-obreras\/\" target=\"_blank\">revistas<\/a>, <a href=\"http:\/\/www.hoac.es\/ediciones\/index.php\" target=\"_blank\">cuadernos y libros<\/a> para crear conciencia de clase obrera y para mostrar a los compa\u00f1eros y compa\u00f1eras de trabajo la liberaci\u00f3n del Evangelio de Jesucristo. Para lograr estos objetivos era conveniente editar publicaciones con un lenguaje y unos contenidos fieles al cristianismo originario y a las luchas y aspiraciones emancipatorias de la clase obrera.<\/p>\n<p>Desde mediados de la d\u00e9cada de los a\u00f1os 40, la promoci\u00f3n de la cultura obrera fue un quehacer esencial para los militantes de la HOAC. La primera expresi\u00f3n de nuestra editorial fue el <a title=\"\u00a1T\u00fa!\" href=\"http:\/\/blogs.hoac.es\/eutopia\/tu\/\" target=\"_blank\">peri\u00f3dico \u00a1T\u00fa!<\/a> que se empez\u00f3 a editar el 15 de noviembre de 1946 con una tirada de 5.000 ejemplares y fue clausurado el 17 de marzo de 1951, cuando se editaban 43.000 ejemplares. El motivo del cierre fue la posici\u00f3n del gobierno contra la direcci\u00f3n y los militantes de la HOAC por la denuncia de las condiciones de vida de la clase obrera en el primer franquismo de postguerra.<\/p>\n<p>Junto al <a title=\"\u00a1T\u00fa!\" href=\"http:\/\/blogs.hoac.es\/eutopia\/tu\/\" target=\"_blank\">peri\u00f3dico \u00a1T\u00fa!<\/a>, nuestra editorial edit\u00f3 <a href=\"http:\/\/www.hoac.es\/ediciones\/deautordeportada.php?idautor=12\" target=\"_blank\">algunos textos de Guillermo Rovirosa<\/a>, diversos libros relacionados con los GOES (Grupos Obreros de Estudios Sociales) y materiales de formaci\u00f3n cristiana, pol\u00edtica, sindical y econ\u00f3mica. La <a title=\"Noticias Obreras\" href=\"http:\/\/blogs.hoac.es\/eutopia\/noticias-obreras\/\" target=\"_blank\">revista Noticias Obreras<\/a> fue editada para crear un medio de informaci\u00f3n alternativa para trabajadores y trabajadoras.<\/p>\n<p><a href=\"http:\/\/www.hoac.es\/ediciones\/index.php\" target=\"_blank\">Ediciones HOAC<\/a> a lo largo de la d\u00e9cada de los sesenta estuvo muy marcada por lo que se denomin\u00f3 \u201cla promoci\u00f3n integral del pueblo\u201d y en la d\u00e9cada de los setenta nuestros libros y Cuadernos intentaron responder a la creciente politizaci\u00f3n existente en el nuevo movimiento obrero espa\u00f1ol que nuestros militantes contribuyeron a crear.<\/p>\n<p>A partir de la d\u00e9cada de los ochenta, se estructura en torno a dos grandes ejes. Por un lado, la publicaci\u00f3n de libros centrados en el <a href=\"http:\/\/www.hoac.es\/ediciones\/colecciones.php?idcoleccion=2\" target=\"_blank\">\u00e1rea tem\u00e1tica Cristianismo y Sociedad<\/a>. Por otro lado, la publicaci\u00f3n de obras muy centradas en el <a href=\"http:\/\/www.hoac.es\/ediciones\/colecciones.php?idcoleccion=1\" target=\"_blank\">tema del trabajo, las condiciones de vida de los trabajadores y las nuevas propuestas pol\u00edticas, sindicales y econ\u00f3micas para generar empleo decente y una vida digna.<\/a><\/p>\n<p>Los \u00faltimos a\u00f1os de nuestra editorial est\u00e1n marcados por el resurgimiento del <a title=\"\u00a1T\u00fa!\" href=\"http:\/\/blogs.hoac.es\/eutopia\/tu\/\" target=\"_blank\">\u00a1T\u00fa!<\/a> como un peri\u00f3dico cristiano para trabajadores, miembros de parroquias obreras y habitantes de barrios populares y multi\u00e9tnicos. Tambi\u00e9n hemos realizado una importante renovaci\u00f3n de la <a title=\"Noticias Obreras\" href=\"http:\/\/blogs.hoac.es\/eutopia\/noticias-obreras\/\" target=\"_blank\">revista Noticias Obreras<\/a>. Hemos creado nuevas colecciones de <a href=\"http:\/\/www.hoac.es\/ediciones\/colecciones.php?idcoleccion=5\" target=\"_blank\">Cuadernos<\/a> para llegar a trabajadores y trabajadoras que se inician en la lectura de textos de an\u00e1lisis y reflexi\u00f3n sobre las causas del empobrecimiento del mundo obrero.<\/p>\n<p>Actualmente nuestro proyecto editorial de publicaci\u00f3n de libros, revistas, cuadernos y materiales de formaci\u00f3n e informaci\u00f3n tiene los siguientes objetivos:<\/p>\n<p style=\"padding-left: 30px;\"><span style=\"color: #999999;\">\u25a0<\/span> Generar informaci\u00f3n y conciencia cr\u00edtica, desde una perspectiva evang\u00e9lica, sobre la realidad social, econ\u00f3mica, pol\u00edtica y cultural. Deseamos que nuestras publicaciones lleguen a los sectores empobrecidos de nuestra sociedad y a quienes se preocupan por esta situaci\u00f3n y luchan por el cambio social.<\/p>\n<p style=\"padding-left: 30px;\"><span style=\"color: #999999;\">\u25a0<\/span> Suministrar publicaciones para la formaci\u00f3n de las personas y colectivos que se comprometen para transformar las condiciones de vida de los trabajadores y trabajadoras, especialmente los que m\u00e1s sufren por la precariedad.<\/p>\n<p style=\"padding-left: 30px;\"><span style=\"color: #999999;\">\u25a0<\/span> Contribuir con nuestros libros y publicaciones a la b\u00fasqueda de un sistema alternativo al capitalismo.<\/p>\n<p style=\"padding-left: 30px;\"><span style=\"color: #999999;\">\u25a0<\/span> Editar obras sobre el anuncio del Evangelio de Liberaci\u00f3n, la contribuci\u00f3n del cristianismo a la lucha por la justicia y la difusi\u00f3n de la vida y del mensaje de Jes\u00fas de Nazaret.<\/p>\n<p><a href=\"http:\/\/www.hoac.es\/ediciones\/index.php\" target=\"_blank\">Ediciones HOAC<\/a>\u00a0pertenece a un movimiento enraizado en el mundo obrero y en el nuevo precariado o proletariado del siglo XXI. Desde esta perspectiva, se concibe como una editorial militante de inspiraci\u00f3n cristiana al servicio de la emancipaci\u00f3n social y cultural de estos sectores empobrecidos por la dominaci\u00f3n capitalista.<\/p>\n","protected":false},"excerpt":{"rendered":"<p>Nuestra editorial nace en 1946, el mismo a\u00f1o en que se constituye la HOAC (Hermandad Obrera de Acci\u00f3n Cat\u00f3lica). Desde la fundaci\u00f3n de este movimiento apost\u00f3lico de militantes obreros cristianos, se tuvo muy claro que dentro de su misi\u00f3n estaba la publicaci\u00f3n de revistas, cuadernos y libros para crear conciencia de clase obrera y para &hellip; <\/p>\n<p class=\"link-more\"><a href=\"https:\/\/blogs.hoac.es\/eutopia\/ediciones-hoac\/\" class=\"more-link\">Continuar leyendo<span class=\"screen-reader-text\"> \u00abEdiciones HOAC\u00bb<\/span><\/a><\/p>\n","protected":false},"author":2,"featured_media":0,"parent":0,"menu_order":0,"comment_status":"open","ping_status":"open","template":"","meta":{"jetpack_post_was_ever_published":false,"footnotes":""},"class_list":["post-29","page","type-page","status-publish","hentry"],"yoast_head":"<!-- This site is optimized with the Yoast SEO plugin v26.8 - https:\/\/yoast.com\/product\/yoast-seo-wordpress\/ -->\n<title>Ediciones HOAC - EUTOP\u00cdA<\/title>\n<meta name=\"robots\" content=\"index, follow, max-snippet:-1, max-image-preview:large, max-video-preview:-1\" \/>\n<link rel=\"canonical\" href=\"https:\/\/blogs.hoac.es\/eutopia\/ediciones-hoac\/\" \/>\n<meta property=\"og:locale\" content=\"es_ES\" \/>\n<meta property=\"og:type\" content=\"article\" \/>\n<meta property=\"og:title\" content=\"Ediciones HOAC - EUTOP\u00cdA\" \/>\n<meta property=\"og:description\" content=\"Nuestra editorial nace en 1946, el mismo a\u00f1o en que se constituye la HOAC (Hermandad Obrera de Acci\u00f3n Cat\u00f3lica). Desde la fundaci\u00f3n de este movimiento apost\u00f3lico de militantes obreros cristianos, se tuvo muy claro que dentro de su misi\u00f3n estaba la publicaci\u00f3n de revistas, cuadernos y libros para crear conciencia de clase obrera y para &hellip; Continuar leyendo &quot;Ediciones HOAC&quot;\" \/>\n<meta property=\"og:url\" content=\"https:\/\/blogs.hoac.es\/eutopia\/ediciones-hoac\/\" \/>\n<meta property=\"og:site_name\" content=\"EUTOP\u00cdA\" \/>\n<meta property=\"article:modified_time\" content=\"2014-12-08T21:50:14+00:00\" \/>\n<meta name=\"twitter:label1\" content=\"Tiempo de lectura\" \/>\n\t<meta name=\"twitter:data1\" content=\"3 minutos\" \/>\n<script type=\"application\/ld+json\" class=\"yoast-schema-graph\">{\"@context\":\"https:\/\/schema.org\",\"@graph\":[{\"@type\":\"WebPage\",\"@id\":\"https:\/\/blogs.hoac.es\/eutopia\/ediciones-hoac\/\",\"url\":\"https:\/\/blogs.hoac.es\/eutopia\/ediciones-hoac\/\",\"name\":\"Ediciones HOAC - EUTOP\u00cdA\",\"isPartOf\":{\"@id\":\"https:\/\/blogs.hoac.es\/eutopia\/#website\"},\"datePublished\":\"2014-12-08T21:38:11+00:00\",\"dateModified\":\"2014-12-08T21:50:14+00:00\",\"breadcrumb\":{\"@id\":\"https:\/\/blogs.hoac.es\/eutopia\/ediciones-hoac\/#breadcrumb\"},\"inLanguage\":\"es\",\"potentialAction\":[{\"@type\":\"ReadAction\",\"target\":[\"https:\/\/blogs.hoac.es\/eutopia\/ediciones-hoac\/\"]}]},{\"@type\":\"BreadcrumbList\",\"@id\":\"https:\/\/blogs.hoac.es\/eutopia\/ediciones-hoac\/#breadcrumb\",\"itemListElement\":[{\"@type\":\"ListItem\",\"position\":1,\"name\":\"Portada\",\"item\":\"https:\/\/blogs.hoac.es\/eutopia\/\"},{\"@type\":\"ListItem\",\"position\":2,\"name\":\"Ediciones HOAC\"}]},{\"@type\":\"WebSite\",\"@id\":\"https:\/\/blogs.hoac.es\/eutopia\/#website\",\"url\":\"https:\/\/blogs.hoac.es\/eutopia\/\",\"name\":\"EUTOP\u00cdA\",\"description\":\"Un buen lugar para el encuentro con las publicaciones de la HOAC\",\"publisher\":{\"@id\":\"https:\/\/blogs.hoac.es\/eutopia\/#organization\"},\"potentialAction\":[{\"@type\":\"SearchAction\",\"target\":{\"@type\":\"EntryPoint\",\"urlTemplate\":\"https:\/\/blogs.hoac.es\/eutopia\/?s={search_term_string}\"},\"query-input\":{\"@type\":\"PropertyValueSpecification\",\"valueRequired\":true,\"valueName\":\"search_term_string\"}}],\"inLanguage\":\"es\"},{\"@type\":\"Organization\",\"@id\":\"https:\/\/blogs.hoac.es\/eutopia\/#organization\",\"name\":\"EUTOP\u00cdA\",\"url\":\"https:\/\/blogs.hoac.es\/eutopia\/\",\"logo\":{\"@type\":\"ImageObject\",\"inLanguage\":\"es\",\"@id\":\"https:\/\/blogs.hoac.es\/eutopia\/#\/schema\/logo\/image\/\",\"url\":\"https:\/\/i0.wp.com\/blogs.hoac.es\/eutopia\/wp-content\/uploads\/2014\/12\/HOAC-logo-alta-54a42ab7v1_site_icon.png?fit=512%2C512&ssl=1\",\"contentUrl\":\"https:\/\/i0.wp.com\/blogs.hoac.es\/eutopia\/wp-content\/uploads\/2014\/12\/HOAC-logo-alta-54a42ab7v1_site_icon.png?fit=512%2C512&ssl=1\",\"width\":512,\"height\":512,\"caption\":\"EUTOP\u00cdA\"},\"image\":{\"@id\":\"https:\/\/blogs.hoac.es\/eutopia\/#\/schema\/logo\/image\/\"}}]}<\/script>\n<!-- \/ Yoast SEO plugin. -->","yoast_head_json":{"title":"Ediciones HOAC - EUTOP\u00cdA","robots":{"index":"index","follow":"follow","max-snippet":"max-snippet:-1","max-image-preview":"max-image-preview:large","max-video-preview":"max-video-preview:-1"},"canonical":"https:\/\/blogs.hoac.es\/eutopia\/ediciones-hoac\/","og_locale":"es_ES","og_type":"article","og_title":"Ediciones HOAC - EUTOP\u00cdA","og_description":"Nuestra editorial nace en 1946, el mismo a\u00f1o en que se constituye la HOAC (Hermandad Obrera de Acci\u00f3n Cat\u00f3lica). Desde la fundaci\u00f3n de este movimiento apost\u00f3lico de militantes obreros cristianos, se tuvo muy claro que dentro de su misi\u00f3n estaba la publicaci\u00f3n de revistas, cuadernos y libros para crear conciencia de clase obrera y para &hellip; Continuar leyendo \"Ediciones HOAC\"","og_url":"https:\/\/blogs.hoac.es\/eutopia\/ediciones-hoac\/","og_site_name":"EUTOP\u00cdA","article_modified_time":"2014-12-08T21:50:14+00:00","twitter_misc":{"Tiempo de lectura":"3 minutos"},"schema":{"@context":"https:\/\/schema.org","@graph":[{"@type":"WebPage","@id":"https:\/\/blogs.hoac.es\/eutopia\/ediciones-hoac\/","url":"https:\/\/blogs.hoac.es\/eutopia\/ediciones-hoac\/","name":"Ediciones HOAC - EUTOP\u00cdA","isPartOf":{"@id":"https:\/\/blogs.hoac.es\/eutopia\/#website"},"datePublished":"2014-12-08T21:38:11+00:00","dateModified":"2014-12-08T21:50:14+00:00","breadcrumb":{"@id":"https:\/\/blogs.hoac.es\/eutopia\/ediciones-hoac\/#breadcrumb"},"inLanguage":"es","potentialAction":[{"@type":"ReadAction","target":["https:\/\/blogs.hoac.es\/eutopia\/ediciones-hoac\/"]}]},{"@type":"BreadcrumbList","@id":"https:\/\/blogs.hoac.es\/eutopia\/ediciones-hoac\/#breadcrumb","itemListElement":[{"@type":"ListItem","position":1,"name":"Portada","item":"https:\/\/blogs.hoac.es\/eutopia\/"},{"@type":"ListItem","position":2,"name":"Ediciones HOAC"}]},{"@type":"WebSite","@id":"https:\/\/blogs.hoac.es\/eutopia\/#website","url":"https:\/\/blogs.hoac.es\/eutopia\/","name":"EUTOP\u00cdA","description":"Un buen lugar para el encuentro con las publicaciones de la HOAC","publisher":{"@id":"https:\/\/blogs.hoac.es\/eutopia\/#organization"},"potentialAction":[{"@type":"SearchAction","target":{"@type":"EntryPoint","urlTemplate":"https:\/\/blogs.hoac.es\/eutopia\/?s={search_term_string}"},"query-input":{"@type":"PropertyValueSpecification","valueRequired":true,"valueName":"search_term_string"}}],"inLanguage":"es"},{"@type":"Organization","@id":"https:\/\/blogs.hoac.es\/eutopia\/#organization","name":"EUTOP\u00cdA","url":"https:\/\/blogs.hoac.es\/eutopia\/","logo":{"@type":"ImageObject","inLanguage":"es","@id":"https:\/\/blogs.hoac.es\/eutopia\/#\/schema\/logo\/image\/","url":"https:\/\/i0.wp.com\/blogs.hoac.es\/eutopia\/wp-content\/uploads\/2014\/12\/HOAC-logo-alta-54a42ab7v1_site_icon.png?fit=512%2C512&ssl=1","contentUrl":"https:\/\/i0.wp.com\/blogs.hoac.es\/eutopia\/wp-content\/uploads\/2014\/12\/HOAC-logo-alta-54a42ab7v1_site_icon.png?fit=512%2C512&ssl=1","width":512,"height":512,"caption":"EUTOP\u00cdA"},"image":{"@id":"https:\/\/blogs.hoac.es\/eutopia\/#\/schema\/logo\/image\/"}}]}},"jetpack_sharing_enabled":true,"jetpack_shortlink":"https:\/\/wp.me\/P5qNWD-t","jetpack-related-posts":[],"_links":{"self":[{"href":"https:\/\/blogs.hoac.es\/eutopia\/wp-json\/wp\/v2\/pages\/29","targetHints":{"allow":["GET"]}}],"collection":[{"href":"https:\/\/blogs.hoac.es\/eutopia\/wp-json\/wp\/v2\/pages"}],"about":[{"href":"https:\/\/blogs.hoac.es\/eutopia\/wp-json\/wp\/v2\/types\/page"}],"author":[{"embeddable":true,"href":"https:\/\/blogs.hoac.es\/eutopia\/wp-json\/wp\/v2\/users\/2"}],"replies":[{"embeddable":true,"href":"https:\/\/blogs.hoac.es\/eutopia\/wp-json\/wp\/v2\/comments?post=29"}],"version-history":[{"count":7,"href":"https:\/\/blogs.hoac.es\/eutopia\/wp-json\/wp\/v2\/pages\/29\/revisions"}],"predecessor-version":[{"id":68,"href":"https:\/\/blogs.hoac.es\/eutopia\/wp-json\/wp\/v2\/pages\/29\/revisions\/68"}],"wp:attachment":[{"href":"https:\/\/blogs.hoac.es\/eutopia\/wp-json\/wp\/v2\/media?parent=29"}],"curies":[{"name":"wp","href":"https:\/\/api.w.org\/{rel}","templated":true}]}}